{"id":8268,"date":"2026-04-19T05:19:16","date_gmt":"2026-04-19T05:19:16","guid":{"rendered":"https:\/\/massoliman.com\/product\/iqf-frozen-mixed-vegetables\/"},"modified":"2026-04-19T07:52:49","modified_gmt":"2026-04-19T07:52:49","slug":"iqf-frozen-mixed-vegetables","status":"publish","type":"product","link":"https:\/\/massoliman.com\/ar\/product\/iqf-frozen-mixed-vegetables\/","title":{"rendered":"IQF \u062e\u0636\u0627\u0631 \u0645\u0634\u0643\u0644\u0629 \u0645\u062c\u0645\u062f\u0629"},"content":{"rendered":"<p>MAS Soliman&#8217;s IQF frozen vegetable range covers single SKUs and ready-mix blends, processed from Egyptian farms within hours of harvest to lock in natural color, flavor, and nutritional value. Our facility meets Egyptian Standard and international food safety requirements, supplying retail, food service, and industrial customers worldwide.<\/p>\n<p>Mix options: Peas, Carrots, Green Beans (standard mix); customizable blends on request.<br \/>\nSingle SKUs available: Broccoli Florets, Okra (Extra\/Zero\/Size 1\u20133), Molokhia (leaf or minced), Spinach (leaf or chopped), Green Peas, IQF French Fries (6\u00d76, 7\u00d77, 9\u00d79, 10\u00d710, 13\u00d713, 14\u00d714 mm).<br \/>\nGrade: Class A.<br \/>\nSeason: Year round.<\/p>\n<p>Packaging: 8kg carton \u2014 20 \u00d7 400g packets; or 10kg \u2014 4 \u00d7 2.5kg.<br \/>\nContainer: 40ft \u2014 2,900 cartons (145\/pallet); 20ft \u2014 1,225 cartons.<br \/>\nStorage: \u221218\u00b0C. Shelf life: 2 years frozen.<br \/>\nCompliance: Egyptian Standard No. 1702-2005 \/ 2365-2007 where applicable.<\/p>","protected":false},"excerpt":{"rendered":"<p>IQF \u0627\u0644\u062e\u0636\u0631\u0648\u0627\u062a \u0627\u0644\u0645\u0634\u0643\u0644\u0629 \u0627\u0644\u0645\u062c\u0645\u062f\u0629 \u2013 \u0627\u0644\u0628\u0627\u0632\u0644\u0627\u0621\u060c \u0627\u0644\u062c\u0632\u0631\u060c \u0627\u0644\u0641\u0627\u0635\u0648\u0644\u064a\u0627 \u0627\u0644\u062e\u0636\u0631\u0627\u0621\u060c \u0648\u0623\u0643\u062b\u0631 \u0645\u0646 \u0630\u0644\u0643. \u0644\u0648\u0646 \u0637\u0628\u064a\u0639\u064a\u060c \u062c\u0627\u0647\u0632 \u0644\u0644\u0637\u0647\u064a.<\/p>","protected":false},"featured_media":8448,"comment_status":"open","ping_status":"closed","template":"","meta":[],"product_brand":[114],"product_cat":[209],"product_tag":[215,214,219,210,211,212,217,216,213,218],"class_list":{"0":"post-8268","1":"product","2":"type-product","3":"status-publish","4":"has-post-thumbnail","6":"product_brand-mas-soliman","7":"product_cat-mixed","8":"product_tag-broccoli","9":"product_tag-carrots","10":"product_tag-french-fries","11":"product_tag-frozen-vegetables","12":"product_tag-iqf","13":"product_tag-mixed-vegetables","14":"product_tag-molokhia","15":"product_tag-okra","16":"product_tag-peas","17":"product_tag-spinach","19":"first","20":"outofstock","21":"shipping-taxable","22":"purchasable","23":"product-type-variable","24":"has-default-attributes"},"_links":{"self":[{"href":"https:\/\/massoliman.com\/ar\/wp-json\/wp\/v2\/product\/8268","targetHints":{"allow":["GET"]}}],"collection":[{"href":"https:\/\/massoliman.com\/ar\/wp-json\/wp\/v2\/product"}],"about":[{"href":"https:\/\/massoliman.com\/ar\/wp-json\/wp\/v2\/types\/product"}],"replies":[{"embeddable":true,"href":"https:\/\/massoliman.com\/ar\/wp-json\/wp\/v2\/comments?post=8268"}],"wp:featuredmedia":[{"embeddable":true,"href":"https:\/\/massoliman.com\/ar\/wp-json\/wp\/v2\/media\/8448"}],"wp:attachment":[{"href":"https:\/\/massoliman.com\/ar\/wp-json\/wp\/v2\/media?parent=8268"}],"wp:term":[{"taxonomy":"product_brand","embeddable":true,"href":"https:\/\/massoliman.com\/ar\/wp-json\/wp\/v2\/product_brand?post=8268"},{"taxonomy":"product_cat","embeddable":true,"href":"https:\/\/massoliman.com\/ar\/wp-json\/wp\/v2\/product_cat?post=8268"},{"taxonomy":"product_tag","embeddable":true,"href":"https:\/\/massoliman.com\/ar\/wp-json\/wp\/v2\/product_tag?post=8268"}],"curies":[{"name":"wp","href":"https:\/\/api.w.org\/{rel}","templated":true}]}}